{"id":195,"date":"2020-11-27T22:31:17","date_gmt":"2020-11-27T22:31:17","guid":{"rendered":"https:\/\/demo2.miopr.com\/hlares\/mesmerize\/"},"modified":"2025-01-06T06:41:45","modified_gmt":"2025-01-06T10:41:45","slug":"mesmerize","status":"publish","type":"page","link":"https:\/\/demo2.miopr.com\/hlares\/","title":{"rendered":"Front Page"},"content":{"rendered":"<div class=\"wp-block-columns is-layout-flex wp-container-core-columns-layout-1 wp-block-columns-is-layout-flex\">\n<div class=\"wp-block-column is-layout-flow wp-block-column-is-layout-flow\" style=\"flex-basis: 90%;\">\n<h3><b>En la Hacienda Renacer de Lares te brindamos \u2026<\/b><\/h3>\n<h1><b>Tu espacio\u00a0<\/b><b><i>de Bienestar y\u00a0<\/i><\/b><b>Transformaci\u00f3n<\/b><\/h1>\n<p style=\"text-align: center;\">Son bienvenidos a ver nuestras facilidades. Por favor ll\u00e1manos antes para coordinar tu visita.<\/p>\n<p style=\"text-align: center;\"><strong>787-598-6049<\/strong><strong>\u00a0<\/strong><a class=\"\" href=\"https:\/\/demo2.miopr.com\/hlares\/wp-content\/uploads\/2020\/11\/cropped-7.jpg\"><img loading=\"lazy\" decoding=\"async\" class=\"aligncenter wp-image-208\" src=\"https:\/\/demo2.miopr.com\/hlares\/wp-content\/uploads\/2020\/11\/cropped-7.jpg\" sizes=\"auto, (max-width: 300px) 100vw, 300px\" srcset=\"https:\/\/demo2.miopr.com\/hlares\/wp-content\/uploads\/2020\/11\/cropped-7.jpg 1080w, https:\/\/demo2.miopr.com\/hlares\/wp-content\/uploads\/2020\/11\/cropped-7-600x400.jpg 600w\" alt=\"\" width=\"300\" height=\"200\" \/><\/a><\/p>\n<p style=\"text-align: center;\">********************<\/p>\n<p style=\"text-align: left;\"><em><span style=\"color: #993300;\"><strong>Conoce nuestros servicios de neurociencia enfocados en mejorar el bienestar f\u00edsico y mental de cada persona. Estos son brindados <\/strong><\/span><\/em><em><span style=\"color: #993300;\"><strong>en nuestra hacienda o se pueden proveer en su organizaci\u00f3n. Cont\u00e1ctanos para m\u00e1s informaci\u00f3n.<\/strong><\/span><\/em><\/p>\n<p style=\"text-align: center;\"><a class=\"https:\/\/demo2.miopr.com\/hlares\/nwi\/\" href=\"https:\/\/demo2.miopr.com\/hlares\/nwi\/\" target=\"_blank\" rel=\"noopener\" data-wplink-edit=\"true\"><img loading=\"lazy\" decoding=\"async\" class=\"aligncenter wp-image-1342 size-medium\" src=\"https:\/\/demo2.miopr.com\/hlares\/wp-content\/uploads\/2024\/08\/NWI-Logo-300x124.png\" sizes=\"auto, (max-width: 300px) 100vw, 300px\" srcset=\"https:\/\/demo2.miopr.com\/hlares\/wp-content\/uploads\/2024\/08\/NWI-Logo-300x124.png 300w, https:\/\/demo2.miopr.com\/hlares\/wp-content\/uploads\/2024\/08\/NWI-Logo-768x317.png 768w, https:\/\/demo2.miopr.com\/hlares\/wp-content\/uploads\/2024\/08\/NWI-Logo-600x248.png 600w, https:\/\/demo2.miopr.com\/hlares\/wp-content\/uploads\/2024\/08\/NWI-Logo.png 995w\" alt=\"\" width=\"300\" height=\"124\" \/><\/a><\/p>\n<h4><strong>Ahora puedes agendar una cita con Edna o Isaiah para tener sesiones de neurocoaching y\/o mentor\u00eda de forma virtual o presencial a trav\u00e9s de los siguientes enlaces:\u00a0<\/strong><\/h4>\n<p>Edna Guzman: <a class=\"\" href=\"https:\/\/guzmanedna.youcanbook.me\" target=\"_blank\" rel=\"noreferrer noopener\">https:\/\/guzmanedna.youcanbook.me\/<\/a><\/p>\n<p>Isaiah Cortes: <a class=\"\" href=\"https:\/\/isaiahcortes.youcanbook.me\" target=\"_blank\" rel=\"noreferrer noopener\">https:\/\/isaiahcortes.youcanbook.me\/<\/a><\/p>\n<p style=\"text-align: center;\">********************<\/p>\n<h3><strong>Visita nuestro canal de <\/strong>YouTube<strong> o busca nuestro <\/strong>Podcast<strong> en <\/strong>Apple<strong> o <\/strong>Podbean<strong>, y disfruta de nuestras publicaciones semanales:<\/strong><\/h3>\n<figure class=\"wp-block-table\">\n<table>\n<tbody>\n<tr>\n<td class=\"has-text-align-center\" data-align=\"center\"><a class=\"\" href=\"https:\/\/www.youtube.com\/@haciendarenacerdelaresinc6064\" target=\"_blank\" rel=\"noreferrer noopener\"><img loading=\"lazy\" decoding=\"async\" class=\"wp-image-939\" style=\"width: 150px;\" src=\"https:\/\/demo2.miopr.com\/hlares\/wp-content\/uploads\/2022\/11\/cropped-cropped-YouTube-Logo-1.png\" sizes=\"auto, (max-width: 1060px) 100vw, 1060px\" srcset=\"https:\/\/demo2.miopr.com\/hlares\/wp-content\/uploads\/2022\/11\/cropped-cropped-YouTube-Logo-1.png 1060w, https:\/\/demo2.miopr.com\/hlares\/wp-content\/uploads\/2022\/11\/cropped-cropped-YouTube-Logo-1-300x119.png 300w, https:\/\/demo2.miopr.com\/hlares\/wp-content\/uploads\/2022\/11\/cropped-cropped-YouTube-Logo-1-1024x408.png 1024w, https:\/\/demo2.miopr.com\/hlares\/wp-content\/uploads\/2022\/11\/cropped-cropped-YouTube-Logo-1-768x306.png 768w, https:\/\/demo2.miopr.com\/hlares\/wp-content\/uploads\/2022\/11\/cropped-cropped-YouTube-Logo-1-600x239.png 600w\" alt=\"\" width=\"1060\" height=\"422\" \/><\/a><\/td>\n<td class=\"has-text-align-center\" data-align=\"center\"><a class=\"\" href=\"https:\/\/podcasts.apple.com\/us\/podcast\/conversaciones-desde-la-hacienda-renacer-de-lares\/id1713414652\" target=\"_blank\" rel=\"noreferrer noopener\"><img loading=\"lazy\" decoding=\"async\" class=\"wp-image-1133\" style=\"width: 150px;\" src=\"https:\/\/demo2.miopr.com\/hlares\/wp-content\/uploads\/2023\/11\/Apple.png\" sizes=\"auto, (max-width: 444px) 100vw, 444px\" srcset=\"https:\/\/demo2.miopr.com\/hlares\/wp-content\/uploads\/2023\/11\/Apple.png 444w, https:\/\/demo2.miopr.com\/hlares\/wp-content\/uploads\/2023\/11\/Apple-300x76.png 300w\" alt=\"\" width=\"444\" height=\"113\" \/><\/a><\/td>\n<td class=\"has-text-align-center\" data-align=\"center\"><a class=\"\" href=\"https:\/\/haciendarenacer.podbean.com\" target=\"_blank\" rel=\"noreferrer noopener\"><img loading=\"lazy\" decoding=\"async\" class=\"wp-image-1135\" style=\"width: 150px;\" src=\"https:\/\/demo2.miopr.com\/hlares\/wp-content\/uploads\/2023\/11\/Podbean-1.png\" alt=\"\" width=\"205\" height=\"104\" \/><\/a><\/td>\n<\/tr>\n<\/tbody>\n<\/table>\n<\/figure>\n<h4 class=\"wp-block-heading has-text-align-left\"><strong>Te invitamos a que leas el libro que acabamos de publicar. Lleno de aprendizajes, reflexiones y de mucha inspiraci\u00f3n.\u00a0Escr\u00edbenos una rese\u00f1a tan pronto lo leas. Ser\u00e1 de mucho beneficio para tu vida.<\/strong><\/h4>\n<h4 class=\"wp-block-heading has-text-align-center\"><img loading=\"lazy\" decoding=\"async\" class=\"wp-image-963\" style=\"width: 200px;\" src=\"https:\/\/demo2.miopr.com\/hlares\/wp-content\/uploads\/2023\/02\/El-Burro-port-ebook.jpg\" sizes=\"auto, (max-width: 1650px) 100vw, 1650px\" srcset=\"https:\/\/demo2.miopr.com\/hlares\/wp-content\/uploads\/2023\/02\/El-Burro-port-ebook.jpg 1650w, https:\/\/demo2.miopr.com\/hlares\/wp-content\/uploads\/2023\/02\/El-Burro-port-ebook-194x300.jpg 194w, https:\/\/demo2.miopr.com\/hlares\/wp-content\/uploads\/2023\/02\/El-Burro-port-ebook-663x1024.jpg 663w, https:\/\/demo2.miopr.com\/hlares\/wp-content\/uploads\/2023\/02\/El-Burro-port-ebook-768x1187.jpg 768w, https:\/\/demo2.miopr.com\/hlares\/wp-content\/uploads\/2023\/02\/El-Burro-port-ebook-994x1536.jpg 994w, https:\/\/demo2.miopr.com\/hlares\/wp-content\/uploads\/2023\/02\/El-Burro-port-ebook-1325x2048.jpg 1325w, https:\/\/demo2.miopr.com\/hlares\/wp-content\/uploads\/2023\/02\/El-Burro-port-ebook-1024x1583.jpg 1024w, https:\/\/demo2.miopr.com\/hlares\/wp-content\/uploads\/2023\/02\/El-Burro-port-ebook-699x1080.jpg 699w, https:\/\/demo2.miopr.com\/hlares\/wp-content\/uploads\/2023\/02\/El-Burro-port-ebook-600x927.jpg 600w\" alt=\"\" width=\"1650\" height=\"2550\" \/><\/h4>\n<h4 class=\"wp-block-heading has-text-align-center\"><a class=\"\" href=\"https:\/\/a.co\/adZ8gyw\" target=\"_blank\" rel=\"noreferrer noopener\">Consigue tu copia en Amazon<\/a><\/h4>\n<\/div>\n<\/div>\n<div class=\"wp-block-columns is-layout-flex wp-container-core-columns-layout-2 wp-block-columns-is-layout-flex\">\n<div class=\"wp-block-column has-medium-font-size is-layout-flow wp-block-column-is-layout-flow\" style=\"flex-basis: 90%;\">\n<h3 style=\"text-align: center;\">Nuestros Servicios \u2026 Observa el video<a class=\"\" href=\"https:\/\/www.youtube.com\/watch?v=DcfqcVV2zsE\" target=\"_blank\" rel=\"noopener\"><img loading=\"lazy\" decoding=\"async\" class=\"aligncenter wp-image-1173\" src=\"https:\/\/demo2.miopr.com\/hlares\/wp-content\/uploads\/2023\/12\/Servicios-Hacienda-Renacer-de-Lares-300x168.jpg\" sizes=\"auto, (max-width: 600px) 100vw, 600px\" srcset=\"https:\/\/demo2.miopr.com\/hlares\/wp-content\/uploads\/2023\/12\/Servicios-Hacienda-Renacer-de-Lares-300x168.jpg 300w, https:\/\/demo2.miopr.com\/hlares\/wp-content\/uploads\/2023\/12\/Servicios-Hacienda-Renacer-de-Lares-1024x573.jpg 1024w, https:\/\/demo2.miopr.com\/hlares\/wp-content\/uploads\/2023\/12\/Servicios-Hacienda-Renacer-de-Lares-768x430.jpg 768w, https:\/\/demo2.miopr.com\/hlares\/wp-content\/uploads\/2023\/12\/Servicios-Hacienda-Renacer-de-Lares-600x336.jpg 600w, https:\/\/demo2.miopr.com\/hlares\/wp-content\/uploads\/2023\/12\/Servicios-Hacienda-Renacer-de-Lares.jpg 1532w\" alt=\"\" width=\"600\" height=\"336\" \/><\/a><\/h3>\n<\/div>\n<\/div>\n<div class=\"wp-block-group is-layout-constrained wp-block-group-is-layout-constrained\"><\/div>\n<div class=\"wp-block-columns is-layout-flex wp-container-core-columns-layout-3 wp-block-columns-is-layout-flex\">\n<div class=\"wp-block-column is-layout-flow wp-block-column-is-layout-flow\" style=\"flex-basis: 100%;\">\n<h3 style=\"text-align: center;\"><strong>Reportaje especial de Telemundo Canal 2 acerca de nuestra hacienda \u2026<\/strong><a class=\"\" href=\"https:\/\/www.telemundopr.com\/noticias\/local-decision\/reportaje-especial-nuestras-haciendas-legado-colonial\/2222159\" target=\"_blank\" rel=\"noopener\"><img loading=\"lazy\" decoding=\"async\" class=\"aligncenter wp-image-1184 size-medium\" src=\"https:\/\/demo2.miopr.com\/hlares\/wp-content\/uploads\/2023\/12\/Reportaje-Telemundo-300x178.jpg\" sizes=\"auto, (max-width: 300px) 100vw, 300px\" srcset=\"https:\/\/demo2.miopr.com\/hlares\/wp-content\/uploads\/2023\/12\/Reportaje-Telemundo-300x178.jpg 300w, https:\/\/demo2.miopr.com\/hlares\/wp-content\/uploads\/2023\/12\/Reportaje-Telemundo-1024x606.jpg 1024w, https:\/\/demo2.miopr.com\/hlares\/wp-content\/uploads\/2023\/12\/Reportaje-Telemundo-768x455.jpg 768w, https:\/\/demo2.miopr.com\/hlares\/wp-content\/uploads\/2023\/12\/Reportaje-Telemundo-600x355.jpg 600w, https:\/\/demo2.miopr.com\/hlares\/wp-content\/uploads\/2023\/12\/Reportaje-Telemundo.jpg 1527w\" alt=\"\" width=\"300\" height=\"178\" \/><\/a><\/h3>\n<\/div>\n<\/div>\n<div class=\"wp-block-columns is-layout-flex wp-container-core-columns-layout-4 wp-block-columns-is-layout-flex\">\n<div class=\"wp-block-column is-layout-flow wp-block-column-is-layout-flow\" style=\"flex-basis: 100%;\">\n<h1 style=\"text-align: center;\">Historia<\/h1>\n<h3 style=\"text-align: left;\"><strong>La Hacienda Renacer es una hermosa vivienda que data de los a\u00f1os 1840 y est\u00e1 localizada en el hist\u00f3rico pueblo de Lares, Puerto Rico.<\/strong><\/h3>\n<p style=\"text-align: left;\">La misma ha sido completamente restaurada e inscrita como una organizaci\u00f3n sin fines de lucro para brindar experiencias educativas que fomenten el desarrollo emocional y personal de la comunidad en general.<\/p>\n<p style=\"text-align: center;\"><a href=\"https:\/\/demo2.miopr.com\/hlares\/historia\"><img loading=\"lazy\" decoding=\"async\" class=\"wp-image-243 size-large aligncenter\" src=\"https:\/\/demo2.miopr.com\/hlares\/wp-content\/uploads\/2020\/11\/foto-hacienda-desde-Casilla-min-1024x576.jpg\" sizes=\"auto, (max-width: 1024px) 100vw, 1024px\" srcset=\"https:\/\/demo2.miopr.com\/hlares\/wp-content\/uploads\/2020\/11\/foto-hacienda-desde-Casilla-min-1024x576.jpg 1024w, https:\/\/demo2.miopr.com\/hlares\/wp-content\/uploads\/2020\/11\/foto-hacienda-desde-Casilla-min-600x338.jpg 600w, https:\/\/demo2.miopr.com\/hlares\/wp-content\/uploads\/2020\/11\/foto-hacienda-desde-Casilla-min-300x169.jpg 300w, https:\/\/demo2.miopr.com\/hlares\/wp-content\/uploads\/2020\/11\/foto-hacienda-desde-Casilla-min-768x432.jpg 768w, https:\/\/demo2.miopr.com\/hlares\/wp-content\/uploads\/2020\/11\/foto-hacienda-desde-Casilla-min.jpg 1280w\" alt=\"hacienda renacer\" width=\"1024\" height=\"576\" \/><\/a><\/p>\n<\/div>\n<\/div>\n<div class=\"wp-block-columns is-layout-flex wp-container-core-columns-layout-6 wp-block-columns-is-layout-flex\">\n<div class=\"wp-block-column is-layout-flow wp-block-column-is-layout-flow\">\n<div class=\"wp-block-columns is-layout-flex wp-container-core-columns-layout-5 wp-block-columns-is-layout-flex\">\n<div class=\"wp-block-column is-layout-flow wp-block-column-is-layout-flow\" style=\"flex-basis: 100%;\">\n<figure class=\"wp-block-table aligncenter is-style-regular has-medium-font-size\" style=\"font-style: normal; font-weight: 200;\">\n<table class=\"has-white-color has-vivid-cyan-blue-background-color has-text-color has-background has-link-color has-fixed-layout\">\n<tbody>\n<tr>\n<td class=\"has-text-align-center\" data-align=\"center\"><strong>Visi\u00f3n<\/strong><br \/>\nSer el espacio hol\u00edstico de crecimiento, evoluci\u00f3n y bienestar, preferido en el Caribe.<\/td>\n<td class=\"has-text-align-center\" data-align=\"center\"><strong>Misi\u00f3n<\/strong><br \/>\nProveer una integraci\u00f3n innovadora de capacitaci\u00f3n, terapias y t\u00e9cnicas que fomenten el desarrollo y bienestar en cada persona.<\/td>\n<td class=\"has-text-align-center\" data-align=\"center\"><strong>Nuestros ofrecimientos<\/strong><br \/>\nTerapias, retiros de bienestar, conferencias, adiestramientos, mentor\u00edas y excursiones agrotur\u00edsticas. El ambiente y espacio de la Hacienda tambi\u00e9n es ideal para reuniones corporativas en donde podemos facilitar: Integraci\u00f3n de Equipos, Sesiones Estrat\u00e9gicas y Grupos Focales.<\/td>\n<\/tr>\n<\/tbody>\n<\/table>\n<\/figure>\n<\/div>\n<\/div>\n<\/div>\n<\/div>\n<div class=\"wp-block-columns are-vertically-aligned-center is-layout-flex wp-container-core-columns-layout-7 wp-block-columns-is-layout-flex\">\n<div class=\"wp-block-column is-vertically-aligned-center is-layout-flow wp-block-column-is-layout-flow\" style=\"flex-basis: 100%;\">\n<h2 style=\"text-align: center;\"><span style=\"color: #000000;\">Quienes Somos<\/span><\/h2>\n<p><span style=\"color: #000000;\">Edna &amp; Isaiah son compa\u00f1eros de vida y de negocio. Se conocieron en el 1992 mientras trabajaban en la industria de manufactura. En el 2003 Edna deja la industria, luego de haberle dedicado 17 a\u00f1os de su carrera, para brindar servicios de consultor\u00eda en el \u00e1rea de desarrollo organizacional y a proveer capacitaci\u00f3n en el \u00e1rea de liderazgo y desarrollo personal. En enero de 2016, Isaiah tambi\u00e9n deja la industria de manufactura, luego de haberle dedicado 28 a\u00f1os de su carrera, para proveer consultor\u00eda en el \u00e1rea de mejora de procesos (Excelencia Operacional) y capacitaci\u00f3n en temas t\u00e9cnicos como el manejo de proyectos y desarrollo personal. En ese momento deciden unirse como socios de negocio, incorpor\u00e1ndose bajo el nombre de EG Consulting Group LLC.\u00a0<\/span><\/p>\n<p><span style=\"color: #000000;\">En el 2016 ambos completaron sus certificaciones como \u201cNeurocoahes\u201d (IANLP) y \u201cCoaches Profesionales\u201d (AEAPro). En ese mismo a\u00f1o ambos continuaron expandiendo los servicios de capacitaci\u00f3n y de bienestar en la Hacienda Renacer de Lares, Inc.<\/span><\/p>\n<p><span style=\"color: #000000;\">Luego en junio de 2018, ambos completaron su certificaci\u00f3n como \u201cNLP-Master\u201d (IANLP). Actualmente ambos interact\u00faan en la diversidad de servicios de bienestar que brinda la Hacienda Renacer, desde charlas,\u00a0din\u00e1micas, integraci\u00f3n de equipos, retiros y sesiones de coaching, entre otros tantos.<\/span><\/p>\n<\/div>\n<\/div>\n<div class=\"wp-block-columns is-layout-flex wp-container-core-columns-layout-8 wp-block-columns-is-layout-flex\">\n<div class=\"wp-block-column is-layout-flow wp-block-column-is-layout-flow\" style=\"flex-basis: 100%;\">\n<figure class=\"wp-block-table aligncenter is-style-stripes\">\n<table class=\"has-fixed-layout\">\n<tbody>\n<tr>\n<td class=\"has-text-align-center\" data-align=\"center\"><a href=\"https:\/\/demo2.miopr.com\/hlares\/edna-z-guzman\" target=\"_blank\" rel=\"noreferrer noopener\"><img loading=\"lazy\" decoding=\"async\" class=\"wp-image-213\" style=\"width: 280px;\" src=\"https:\/\/demo2.miopr.com\/hlares\/wp-content\/uploads\/2020\/11\/edna-1024x1024-1.jpg\" sizes=\"auto, (max-width: 1024px) 100vw, 1024px\" srcset=\"https:\/\/demo2.miopr.com\/hlares\/wp-content\/uploads\/2020\/11\/edna-1024x1024-1.jpg 1024w, https:\/\/demo2.miopr.com\/hlares\/wp-content\/uploads\/2020\/11\/edna-1024x1024-1-300x300.jpg 300w, https:\/\/demo2.miopr.com\/hlares\/wp-content\/uploads\/2020\/11\/edna-1024x1024-1-100x100.jpg 100w, https:\/\/demo2.miopr.com\/hlares\/wp-content\/uploads\/2020\/11\/edna-1024x1024-1-600x600.jpg 600w, https:\/\/demo2.miopr.com\/hlares\/wp-content\/uploads\/2020\/11\/edna-1024x1024-1-150x150.jpg 150w, https:\/\/demo2.miopr.com\/hlares\/wp-content\/uploads\/2020\/11\/edna-1024x1024-1-768x768.jpg 768w\" alt=\"hacienda renacer\" width=\"1024\" height=\"1024\" \/><\/a><\/td>\n<td class=\"has-text-align-center\" data-align=\"center\"><a href=\"https:\/\/demo2.miopr.com\/hlares\/isaiah-cortes\" target=\"_blank\" rel=\"noreferrer noopener\"><img loading=\"lazy\" decoding=\"async\" class=\"wp-image-210\" style=\"width: 300px;\" src=\"https:\/\/demo2.miopr.com\/hlares\/wp-content\/uploads\/2020\/11\/isaiah.jpg\" sizes=\"auto, (max-width: 718px) 100vw, 718px\" srcset=\"https:\/\/demo2.miopr.com\/hlares\/wp-content\/uploads\/2020\/11\/isaiah.jpg 718w, https:\/\/demo2.miopr.com\/hlares\/wp-content\/uploads\/2020\/11\/isaiah-600x526.jpg 600w, https:\/\/demo2.miopr.com\/hlares\/wp-content\/uploads\/2020\/11\/isaiah-300x263.jpg 300w\" alt=\"\" width=\"718\" height=\"629\" \/><\/a><\/td>\n<\/tr>\n<\/tbody>\n<\/table>\n<\/figure>\n<\/div>\n<\/div>\n<p><!-- AddThis Advanced Settings above via filter on the_content --><!-- AddThis Advanced Settings below via filter on the_content --><!-- AddThis Advanced Settings generic via filter on the_content --><!-- AddThis Share Buttons above via filter on the_content --><!-- AddThis Share Buttons below via filter on the_content --><!-- AddThis Share Buttons generic via filter on the_content --><\/p>\n<figure class=\"wp-block-table\">\n<table class=\"has-fixed-layout\">\n<tbody>\n<tr>\n<td class=\"has-text-align-center\" data-align=\"center\">Edna Z. Guzm\u00e1n<\/td>\n<td class=\"has-text-align-center\" data-align=\"center\">Isaiah Cortes<\/td>\n<\/tr>\n<tr>\n<td class=\"has-text-align-center\" data-align=\"center\">Neurocoach Profesional &amp; Master PNL<br \/>\nSenior Professional HR<\/td>\n<td class=\"has-text-align-center\" data-align=\"center\">Neurocoach Profesional &amp; Master PNL \/ PE<\/td>\n<\/tr>\n<\/tbody>\n<\/table>\n<\/figure>\n","protected":false},"excerpt":{"rendered":"<p>En la Hacienda Renacer de Lares te brindamos \u2026 Tu espacio\u00a0de Bienestar y\u00a0Transformaci\u00f3n Son bienvenidos a ver nuestras facilidades. Por favor ll\u00e1manos antes para coordinar tu visita. 787-598-6049\u00a0 ******************** Conoce&hellip; <br \/> <a class=\"read-more\" href=\"https:\/\/demo2.miopr.com\/hlares\/\">Read more<\/a><\/p>\n","protected":false},"author":3,"featured_media":0,"parent":0,"menu_order":0,"comment_status":"closed","ping_status":"closed","template":"page-templates\/homepage.php","meta":{"footnotes":"[]"},"class_list":["post-195","page","type-page","status-publish","hentry"],"_links":{"self":[{"href":"https:\/\/demo2.miopr.com\/hlares\/wp-json\/wp\/v2\/pages\/195","targetHints":{"allow":["GET"]}}],"collection":[{"href":"https:\/\/demo2.miopr.com\/hlares\/wp-json\/wp\/v2\/pages"}],"about":[{"href":"https:\/\/demo2.miopr.com\/hlares\/wp-json\/wp\/v2\/types\/page"}],"author":[{"embeddable":true,"href":"https:\/\/demo2.miopr.com\/hlares\/wp-json\/wp\/v2\/users\/3"}],"replies":[{"embeddable":true,"href":"https:\/\/demo2.miopr.com\/hlares\/wp-json\/wp\/v2\/comments?post=195"}],"version-history":[{"count":124,"href":"https:\/\/demo2.miopr.com\/hlares\/wp-json\/wp\/v2\/pages\/195\/revisions"}],"predecessor-version":[{"id":1482,"href":"https:\/\/demo2.miopr.com\/hlares\/wp-json\/wp\/v2\/pages\/195\/revisions\/1482"}],"wp:attachment":[{"href":"https:\/\/demo2.miopr.com\/hlares\/wp-json\/wp\/v2\/media?parent=195"}],"curies":[{"name":"wp","href":"https:\/\/api.w.org\/{rel}","templated":true}]}}