{"id":274,"date":"2020-11-28T13:05:46","date_gmt":"2020-11-28T13:05:46","guid":{"rendered":"https:\/\/demo2.miopr.com\/hlares\/?page_id=274"},"modified":"2021-01-02T14:10:28","modified_gmt":"2021-01-02T14:10:28","slug":"historia","status":"publish","type":"page","link":"https:\/\/demo2.miopr.com\/hlares\/historia\/","title":{"rendered":"Historia"},"content":{"rendered":"\n<figure class=\"wp-block-image size-large\"><a href=\"https:\/\/demo2.miopr.com\/hlares\/wp-content\/uploads\/2020\/11\/cropped-foto-hacienda-entrada-salon-min.jpg\"><img loading=\"lazy\" decoding=\"async\" width=\"1024\" height=\"426\" src=\"https:\/\/demo2.miopr.com\/hlares\/wp-content\/uploads\/2020\/11\/cropped-foto-hacienda-entrada-salon-min-1024x426.jpg\" alt=\"hacienda renacer de lares\" class=\"wp-image-231\" srcset=\"https:\/\/demo2.miopr.com\/hlares\/wp-content\/uploads\/2020\/11\/cropped-foto-hacienda-entrada-salon-min-1024x426.jpg 1024w, https:\/\/demo2.miopr.com\/hlares\/wp-content\/uploads\/2020\/11\/cropped-foto-hacienda-entrada-salon-min-600x250.jpg 600w, https:\/\/demo2.miopr.com\/hlares\/wp-content\/uploads\/2020\/11\/cropped-foto-hacienda-entrada-salon-min-300x125.jpg 300w, https:\/\/demo2.miopr.com\/hlares\/wp-content\/uploads\/2020\/11\/cropped-foto-hacienda-entrada-salon-min-768x320.jpg 768w, https:\/\/demo2.miopr.com\/hlares\/wp-content\/uploads\/2020\/11\/cropped-foto-hacienda-entrada-salon-min.jpg 1280w\" sizes=\"auto, (max-width: 1024px) 100vw, 1024px\" \/><\/a><\/figure>\n\n\n\n<h2 class=\"has-text-align-center wp-block-heading\">Historia<\/h2>\n\n\n\n<p class=\"has-text-align-left\">La residencia perteneci\u00f3 a Don Reimundo L\u00f3pez de Victoria, entre los a\u00f1os 1844-1927. La casa era de dos plantas fabricada con madera del pa\u00eds y techada en zinc. Los altos de la casa eran destinados para vivienda y los bajos para almacenamiento. Todo lo que se consum\u00eda en la casa era producido en la finca salvo el bacalao y la sal.<\/p>\n\n\n\n<p class=\"has-text-align-left\">La m\u00e1quina de romper caf\u00e9, era movida por bueyes y se supl\u00eda de agua proveniente del manantial. El glacis (plazoletas) para secar caf\u00e9 era una extensi\u00f3n pavimentada con cal ubicada frente a la casa.<\/p>\n\n\n\n<p class=\"has-text-align-left\">Durante el cambio de soberan\u00eda, de la espa\u00f1ola a la americana, hubo una anarqu\u00eda donde surgieron turbas sediciosas. Estas sembraron terror por todas partes vandalizando, robando y quemando especialmente a los espa\u00f1oles. Don Mundo solicit\u00f3 ayuda a los americanos quienes instalaron un campamento en su finca. All\u00ed prepararon un lugar llamado Tiro al Blanco ubicado en la falda del cerro Borinqu\u00e9n.<\/p>\n\n\n\n<p class=\"has-text-align-left\">La casa resisti\u00f3 los huracanes San Felipe I (1876), San Ciriaco (1899), San Ciprian (1932) y San Felipe II (1928) sin sufrir da\u00f1os mayores.<\/p>\n\n\n\n<p class=\"has-text-align-left\">En el a\u00f1o 1953 la casa fue adquirida por Don Antonio Gerena y su esposa Do\u00f1a Martina Centeno.<\/p>\n\n\n\n<p class=\"has-text-align-left\">En el a\u00f1o 1963 fallece Do\u00f1a Martina quedando como herederos de la propiedad sus hijos Luis A. Gerena y Carmen M. Gerena. M\u00e1s tarde, Carmen, adquiere la propiedad y reside en la misma con su esposo Victor Guzm\u00e1n e hijos por espacio de diez a\u00f1os.<\/p>\n\n\n\n<p class=\"has-text-align-left\">En el a\u00f1o 1994 Edna Z. Guzm\u00e1n, hija de Victor y Carmen, adquiere la propiedad. En el a\u00f1o 2011 decide restaurarla y nombrarla Hacienda Renacer de Lares, Inc.<\/p>\n","protected":false},"excerpt":{"rendered":"<p>Historia La residencia perteneci\u00f3 a Don Reimundo L\u00f3pez de Victoria, entre los a\u00f1os 1844-1927. La casa era de dos plantas fabricada con madera del pa\u00eds y techada en zinc. Los&hellip; <br \/> <a class=\"read-more\" href=\"https:\/\/demo2.miopr.com\/hlares\/historia\/\">Read more<\/a><\/p>\n","protected":false},"author":3,"featured_media":0,"parent":0,"menu_order":0,"comment_status":"closed","ping_status":"closed","template":"","meta":{"footnotes":""},"class_list":["post-274","page","type-page","status-publish","hentry"],"_links":{"self":[{"href":"https:\/\/demo2.miopr.com\/hlares\/wp-json\/wp\/v2\/pages\/274","targetHints":{"allow":["GET"]}}],"collection":[{"href":"https:\/\/demo2.miopr.com\/hlares\/wp-json\/wp\/v2\/pages"}],"about":[{"href":"https:\/\/demo2.miopr.com\/hlares\/wp-json\/wp\/v2\/types\/page"}],"author":[{"embeddable":true,"href":"https:\/\/demo2.miopr.com\/hlares\/wp-json\/wp\/v2\/users\/3"}],"replies":[{"embeddable":true,"href":"https:\/\/demo2.miopr.com\/hlares\/wp-json\/wp\/v2\/comments?post=274"}],"version-history":[{"count":3,"href":"https:\/\/demo2.miopr.com\/hlares\/wp-json\/wp\/v2\/pages\/274\/revisions"}],"predecessor-version":[{"id":534,"href":"https:\/\/demo2.miopr.com\/hlares\/wp-json\/wp\/v2\/pages\/274\/revisions\/534"}],"wp:attachment":[{"href":"https:\/\/demo2.miopr.com\/hlares\/wp-json\/wp\/v2\/media?parent=274"}],"curies":[{"name":"wp","href":"https:\/\/api.w.org\/{rel}","templated":true}]}}