{"id":277,"date":"2020-11-28T18:01:09","date_gmt":"2020-11-28T22:01:09","guid":{"rendered":"https:\/\/demo2.miopr.com\/hlares\/?page_id=277"},"modified":"2023-03-22T17:52:29","modified_gmt":"2023-03-22T21:52:29","slug":"isaiah-cortes","status":"publish","type":"page","link":"https:\/\/demo2.miopr.com\/hlares\/isaiah-cortes\/","title":{"rendered":"Isaiah Cortes"},"content":{"rendered":"<div class=\"wp-block-image\">\n<figure class=\"aligncenter size-large is-resized\"><a href=\"https:\/\/demo2.miopr.com\/hlares\/wp-content\/uploads\/2020\/11\/cropped-isaiah.jpg\"><img loading=\"lazy\" decoding=\"async\" src=\"https:\/\/demo2.miopr.com\/hlares\/wp-content\/uploads\/2020\/11\/cropped-isaiah.jpg\" alt=\"\" class=\"wp-image-211\" width=\"397\" height=\"396\" srcset=\"https:\/\/demo2.miopr.com\/hlares\/wp-content\/uploads\/2020\/11\/cropped-isaiah.jpg 630w, https:\/\/demo2.miopr.com\/hlares\/wp-content\/uploads\/2020\/11\/cropped-isaiah-300x300.jpg 300w, https:\/\/demo2.miopr.com\/hlares\/wp-content\/uploads\/2020\/11\/cropped-isaiah-100x100.jpg 100w, https:\/\/demo2.miopr.com\/hlares\/wp-content\/uploads\/2020\/11\/cropped-isaiah-600x599.jpg 600w\" sizes=\"auto, (max-width: 397px) 100vw, 397px\" \/><\/a><\/figure><\/div>\n\n\n<h2 class=\"has-text-align-center wp-block-heading\">Isaiah Cortes<\/h2>\n\n\n\n<p class=\"has-text-align-left\">Isaiah Cortes es parte de los fundadores de la organizaci\u00f3n Hacienda Renacer de Lares Inc. en donde se desempe\u00f1a como Neurocoach, proveyendo una diversidad de terapias y din\u00e1micas.<\/p>\n\n\n\n<p class=\"has-text-align-left\">Tambi\u00e9n es vicepresidente de EG Consulting Group en donde se desempe\u00f1a como consultor en excelencia operacional (Six Sigma &#8211; Lean Manufacturing) entre otras \u00e1reas. Esto luego de haber dedicado 28 a\u00f1os de su carrera profesional a la industria de manufactura en donde contribuy\u00f3 bajo diversos roles.<\/p>\n\n\n\n<p class=\"has-text-align-left\">Posee estudios con grados de bachillerato y maestr\u00eda en Ingenier\u00eda El\u00e9ctrica. Tambi\u00e9n posee licencia de ingeniero profesional, adem\u00e1s de sus certificaciones en Neurocoaching, Master PNL, Six Sigma y adiestrador certificado.<\/p>\n\n\n\n<p class=\"has-text-align-left\">Actualmente aplica t\u00e9cnicas de neurocoaching a nivel personal y\/o grupal, facilita sesiones para la integraci\u00f3n de equipos, provee charlas, adiestramientos y talleres de capacitaci\u00f3n, y colabora en los retiros de bienestar, facilitando din\u00e1micas y asistiendo en otras terapias grupales.<\/p>\n\n\n\n<h2 class=\"has-text-align-center wp-block-heading\"><strong>Certificaciones<\/strong><\/h2>\n\n\n<h3 style=\"text-align: center;\"><strong>Certified Six Sigma Green Belt &#8211; (SSGB)<\/strong><\/h3>\n<p style=\"text-align: center;\">Board of American Society for Quality (ASQ)<\/p>\n\n\n<h3 class=\"has-text-align-center wp-block-heading\"><strong>Master Neuro Linguistic Programming<\/strong><\/h3>\n\n\n\n<p class=\"has-text-align-center\">International Association of Neuro Linguistic Programming (IANLP)<\/p>\n\n\n\n<h3 class=\"has-text-align-center wp-block-heading\"><strong>Neurocoach<\/strong><\/h3>\n\n\n\n<p class=\"has-text-align-center\">International Association of Coaching and Neuro Linguistic Programming (IACNLP)<\/p>\n\n\n\n<h3 class=\"has-text-align-center wp-block-heading\"><strong>Professional Coach<\/strong><\/h3>\n\n\n\n<p class=\"has-text-align-center\">Asociaci\u00f3n Euro Americana de Profesionales&nbsp;en Ciencias Humanas y Sociales Coaching &amp; Counseling (AEAPro)<\/p>\n\n\n\n<h3 class=\"has-text-align-center wp-block-heading\"><strong>Membres\u00edas<\/strong><\/h3>\n\n\n\n<p class=\"has-text-align-center\">Asociaci\u00f3n para la Gerencia de Recursos Humanos (SHRM)<\/p>\n\n\n\n<p><\/p>\n\n\n\n<p class=\"has-text-align-center\">icortes@demo2.miopr.com<br>787-462-0052<\/p>\n","protected":false},"excerpt":{"rendered":"<p>Isaiah Cortes Isaiah Cortes es parte de los fundadores de la organizaci\u00f3n Hacienda Renacer de Lares Inc. en donde se desempe\u00f1a como Neurocoach, proveyendo una diversidad de terapias y din\u00e1micas.&hellip; <br \/> <a class=\"read-more\" href=\"https:\/\/demo2.miopr.com\/hlares\/isaiah-cortes\/\">Read more<\/a><\/p>\n","protected":false},"author":3,"featured_media":0,"parent":0,"menu_order":0,"comment_status":"closed","ping_status":"closed","template":"","meta":{"footnotes":""},"class_list":["post-277","page","type-page","status-publish","hentry"],"_links":{"self":[{"href":"https:\/\/demo2.miopr.com\/hlares\/wp-json\/wp\/v2\/pages\/277","targetHints":{"allow":["GET"]}}],"collection":[{"href":"https:\/\/demo2.miopr.com\/hlares\/wp-json\/wp\/v2\/pages"}],"about":[{"href":"https:\/\/demo2.miopr.com\/hlares\/wp-json\/wp\/v2\/types\/page"}],"author":[{"embeddable":true,"href":"https:\/\/demo2.miopr.com\/hlares\/wp-json\/wp\/v2\/users\/3"}],"replies":[{"embeddable":true,"href":"https:\/\/demo2.miopr.com\/hlares\/wp-json\/wp\/v2\/comments?post=277"}],"version-history":[{"count":12,"href":"https:\/\/demo2.miopr.com\/hlares\/wp-json\/wp\/v2\/pages\/277\/revisions"}],"predecessor-version":[{"id":997,"href":"https:\/\/demo2.miopr.com\/hlares\/wp-json\/wp\/v2\/pages\/277\/revisions\/997"}],"wp:attachment":[{"href":"https:\/\/demo2.miopr.com\/hlares\/wp-json\/wp\/v2\/media?parent=277"}],"curies":[{"name":"wp","href":"https:\/\/api.w.org\/{rel}","templated":true}]}}