{"id":279,"date":"2020-11-28T18:02:16","date_gmt":"2020-11-28T18:02:16","guid":{"rendered":"https:\/\/demo2.miopr.com\/hlares\/?page_id=279"},"modified":"2021-01-02T13:58:39","modified_gmt":"2021-01-02T13:58:39","slug":"edna-z-guzman","status":"publish","type":"page","link":"https:\/\/demo2.miopr.com\/hlares\/edna-z-guzman\/","title":{"rendered":"Edna Z. Guzm\u00e1n"},"content":{"rendered":"\n<div class=\"wp-block-image\"><figure class=\"aligncenter size-large is-resized\"><a href=\"https:\/\/demo2.miopr.com\/hlares\/wp-content\/uploads\/2020\/11\/edna-1024x1024-1.jpg\"><img loading=\"lazy\" decoding=\"async\" src=\"https:\/\/demo2.miopr.com\/hlares\/wp-content\/uploads\/2020\/11\/edna-1024x1024-1.jpg\" alt=\"hacienda renacer\" class=\"wp-image-213\" width=\"397\" height=\"397\" srcset=\"https:\/\/demo2.miopr.com\/hlares\/wp-content\/uploads\/2020\/11\/edna-1024x1024-1.jpg 1024w, https:\/\/demo2.miopr.com\/hlares\/wp-content\/uploads\/2020\/11\/edna-1024x1024-1-300x300.jpg 300w, https:\/\/demo2.miopr.com\/hlares\/wp-content\/uploads\/2020\/11\/edna-1024x1024-1-100x100.jpg 100w, https:\/\/demo2.miopr.com\/hlares\/wp-content\/uploads\/2020\/11\/edna-1024x1024-1-600x600.jpg 600w, https:\/\/demo2.miopr.com\/hlares\/wp-content\/uploads\/2020\/11\/edna-1024x1024-1-150x150.jpg 150w, https:\/\/demo2.miopr.com\/hlares\/wp-content\/uploads\/2020\/11\/edna-1024x1024-1-768x768.jpg 768w\" sizes=\"auto, (max-width: 397px) 100vw, 397px\" \/><\/a><\/figure><\/div>\n\n\n\n<h2 class=\"has-text-align-center wp-block-heading\">Edna Z. Guzm\u00e1n<\/h2>\n\n\n\n<p class=\"has-text-align-left\">Edna Z. Guzm\u00e1n es parte de los fundadores de la organizaci\u00f3n Hacienda Renacer de Lares Inc. en donde se desempe\u00f1a como Neurocoach, proveyendo una diversidad de terapias y din\u00e1micas.<\/p>\n\n\n\n<p class=\"has-text-align-left\">Tambi\u00e9n es presidenta de EG Consulting Group en donde se desempe\u00f1a como consultor en Recursos Humanos y Desarrollo Organizacional, entre otras \u00e1reas. Esto luego de haber dedicado sobre 20 a\u00f1os de su carrera profesional a la industria de manufactura y servicio en donde contribuy\u00f3 bajo diversos roles.<\/p>\n\n\n\n<p class=\"has-text-align-left\">Posee estudios con grados de bachillerato y maestr\u00eda en Ciencias, Organizaci\u00f3n y Gerencia con concentraci\u00f3n en Ingenier\u00eda Industrial. Tambi\u00e9n posee educaci\u00f3n continua de la Universidad de Harvard en el programa de Negociaciones y Manejo de Personas Dif\u00edciles. Posee las certificaciones de Senior Professional Human Resources, Neurocoaching, Master PNL, Six Sigma y adiestrador certificado.<\/p>\n\n\n\n<p class=\"has-text-align-left\">Actualmente aplica t\u00e9cnicas de neurocoaching a nivel personal y\/o grupal, ofrece terapias integradas de medicina alternativa tales como: hipnoterapia, terapia de Bloque, Reiki y Mindfulness Facilita sesiones para la integraci\u00f3n de equipos, provee charlas, adiestramientos y talleres de capacitaci\u00f3n, y colabora en los retiros de bienestar, facilitando din\u00e1micas y asistiendo en otras terapias grupales.<\/p>\n\n\n\n<h2 class=\"has-text-align-center wp-block-heading\"><strong>Certificaciones<\/strong><\/h2>\n\n\n\n<h3 class=\"has-text-align-center wp-block-heading\"><strong>Master Neuro Linguistic Programming<\/strong><\/h3>\n\n\n\n<p class=\"has-text-align-center\">International Association of Neuro Linguistic Programming (IANLP)<\/p>\n\n\n\n<h3 class=\"has-text-align-center wp-block-heading\"><strong>Neurocoach<\/strong><\/h3>\n\n\n\n<p class=\"has-text-align-center\">International Association of Coaching and Neuro Linguistic Programming (IACNLP)<\/p>\n\n\n\n<h3 class=\"has-text-align-center wp-block-heading\"><strong>Professional Coach<\/strong><\/h3>\n\n\n\n<p class=\"has-text-align-center\">Asociaci\u00f3n Euro Americana de Profesionales&nbsp;en Ciencias Humanas y Sociales Coaching &amp; Counseling (AEAPro)<\/p>\n\n\n\n<h3 class=\"has-text-align-center wp-block-heading\"><strong>Senior Professional Human Resources<\/strong><\/h3>\n\n\n\n<p class=\"has-text-align-center\">Society for Human Resources Management (SHRM)<\/p>\n\n\n\n<h3 class=\"has-text-align-center wp-block-heading\"><strong>Instructora &amp; Terapeuta de Terapia de Bloque<\/strong><\/h3>\n\n\n\n<p class=\"has-text-align-center\">Block Therapy University<\/p>\n\n\n\n<h3 class=\"has-text-align-center wp-block-heading\"><strong>Membres\u00edas<\/strong><\/h3>\n\n\n\n<p class=\"has-text-align-center\">Asociaci\u00f3n para la Gerencia de Recursos Humanos (SHRM)<\/p>\n\n\n\n<p class=\"has-text-align-center\">info@demo2.miopr.com<br>787-598-6049<\/p>\n","protected":false},"excerpt":{"rendered":"<p>Edna Z. Guzm\u00e1n Edna Z. Guzm\u00e1n es parte de los fundadores de la organizaci\u00f3n Hacienda Renacer de Lares Inc. en donde se desempe\u00f1a como Neurocoach, proveyendo una diversidad de terapias&hellip; <br \/> <a class=\"read-more\" href=\"https:\/\/demo2.miopr.com\/hlares\/edna-z-guzman\/\">Read more<\/a><\/p>\n","protected":false},"author":3,"featured_media":0,"parent":0,"menu_order":0,"comment_status":"closed","ping_status":"closed","template":"","meta":{"footnotes":""},"class_list":["post-279","page","type-page","status-publish","hentry"],"_links":{"self":[{"href":"https:\/\/demo2.miopr.com\/hlares\/wp-json\/wp\/v2\/pages\/279","targetHints":{"allow":["GET"]}}],"collection":[{"href":"https:\/\/demo2.miopr.com\/hlares\/wp-json\/wp\/v2\/pages"}],"about":[{"href":"https:\/\/demo2.miopr.com\/hlares\/wp-json\/wp\/v2\/types\/page"}],"author":[{"embeddable":true,"href":"https:\/\/demo2.miopr.com\/hlares\/wp-json\/wp\/v2\/users\/3"}],"replies":[{"embeddable":true,"href":"https:\/\/demo2.miopr.com\/hlares\/wp-json\/wp\/v2\/comments?post=279"}],"version-history":[{"count":6,"href":"https:\/\/demo2.miopr.com\/hlares\/wp-json\/wp\/v2\/pages\/279\/revisions"}],"predecessor-version":[{"id":527,"href":"https:\/\/demo2.miopr.com\/hlares\/wp-json\/wp\/v2\/pages\/279\/revisions\/527"}],"wp:attachment":[{"href":"https:\/\/demo2.miopr.com\/hlares\/wp-json\/wp\/v2\/media?parent=279"}],"curies":[{"name":"wp","href":"https:\/\/api.w.org\/{rel}","templated":true}]}}