{"id":449,"date":"2020-12-25T14:13:11","date_gmt":"2020-12-25T14:13:11","guid":{"rendered":"https:\/\/demo2.miopr.com\/hlares\/?page_id=449"},"modified":"2025-02-26T16:40:42","modified_gmt":"2025-02-26T20:40:42","slug":"neurocoaching-y-mentoria","status":"publish","type":"page","link":"https:\/\/demo2.miopr.com\/hlares\/neurocoaching-y-mentoria\/","title":{"rendered":"Neurocoaching &amp; Mentor\u00eda"},"content":{"rendered":"\n<figure class=\"wp-block-image size-large\"><a href=\"https:\/\/demo2.miopr.com\/hlares\/wp-content\/uploads\/2020\/12\/neurocoaching-y-mentoria.png\"><img loading=\"lazy\" decoding=\"async\" width=\"1024\" height=\"438\" src=\"https:\/\/demo2.miopr.com\/hlares\/wp-content\/uploads\/2020\/12\/neurocoaching-y-mentoria-1024x438.png\" alt=\"\" class=\"wp-image-450\" srcset=\"https:\/\/demo2.miopr.com\/hlares\/wp-content\/uploads\/2020\/12\/neurocoaching-y-mentoria-1024x438.png 1024w, https:\/\/demo2.miopr.com\/hlares\/wp-content\/uploads\/2020\/12\/neurocoaching-y-mentoria-600x257.png 600w, https:\/\/demo2.miopr.com\/hlares\/wp-content\/uploads\/2020\/12\/neurocoaching-y-mentoria-300x128.png 300w, https:\/\/demo2.miopr.com\/hlares\/wp-content\/uploads\/2020\/12\/neurocoaching-y-mentoria-768x328.png 768w, https:\/\/demo2.miopr.com\/hlares\/wp-content\/uploads\/2020\/12\/neurocoaching-y-mentoria.png 1127w\" sizes=\"auto, (max-width: 1024px) 100vw, 1024px\" \/><\/a><\/figure>\n\n\n\n<p class=\"has-text-align-left\">El Neurocoaching facilita el proceso de desarrollo del \u201cCoachee\u201d (cliente) para que logre alcanzar su estado deseado (meta) a nivel individual y\/o profesional, superando aspectos que lo puedan estar limitando. Se provee Mentor\u00eda cuando la situaci\u00f3n lo amerite para complementar el proceso de desarrollo del \u201cCoachee\u201d.<\/p>\n\n\n\n<p class=\"has-text-align-left\">Las sesiones se facilitan con una duraci\u00f3n de 1 a 2 horas y en periodos de 1 a 2 por mes, de acuerdo al plan de trabajo trazado previamente con el Coachee. Estas se pueden conducir de forma virtual, presencial o h\u00edbrida (combinaci\u00f3n entre virtual y presencial). La reuniones presenciales se facilitan en un ambiente donde la privacidad y la confidencialidad son fomentadas logrando as\u00ed mayor afinidad y efectividad. El proceso puede tener una duraci\u00f3n que var\u00eda entre 90 a 120 d\u00edas, seg\u00fan sea requerido.<\/p>\n\n\n\n<p class=\"has-text-align-left\">En las sesiones se aplican variedad de conceptos de coaching y PNL, basado en la situaci\u00f3n, como por ejemplo:<\/p>\n\n\n\n<p class=\"has-text-align-left\">\u2022 Estrategias para moverse al estado deseado<br>\u2022 T\u00e9cnicas de Coaching para desarrollar visi\u00f3n y misi\u00f3n personal<br>\u2022 Hipnoterapia para manejo de emociones y\/o eventos paralizantes<br>\u2022 T\u00e9cnicas de Programaci\u00f3n Neuroling\u00fc\u00edstica<br>\u2022 Manejo de cambio<br>\u2022 Meditaci\u00f3n para aumentar autoconocimiento <\/p>\n\n\n\n<p style=\"font-size:16px\"><strong>\u2022 Constelaciones Familiares Individuales<\/strong>:<br><em>En esta terapia, se utilizan t\u00e9cnicas especificas de neurociencia, psicoterapia y programaci\u00f3n neurolingustica para que el participante descubra los patrones familiares y sist\u00e9micos que operan de manera inconsciente produciendo emociones y comportamientos limitantes. Es una poderosa terapia que ofrece resultados inmediatos, logrando que el participantes descubra e integre nuevos patrones para ordenar su consciencia y el de su familia.<\/em><\/p>\n\n\n\n<p class=\"has-medium-font-size\"><strong>Inversion por cada hora de sesi\u00f3n: $ 75<em><br><\/em><\/strong><\/p>\n\n\n\n<div class=\"wp-block-buttons is-layout-flex wp-block-buttons-is-layout-flex\">\n<div class=\"wp-block-button\"><a class=\"wp-block-button__link wp-element-button\" href=\"https:\/\/guzmanedna.youcanbook.me\/\" target=\"_blank\" rel=\"noreferrer noopener\">Cita virtual o presencial con Edna Guzman<\/a><\/div>\n\n\n\n<div class=\"wp-block-button\"><a class=\"wp-block-button__link wp-element-button\" href=\"https:\/\/isaiahcortes.youcanbook.me\/\" target=\"_blank\" rel=\"noreferrer noopener\">Cita virtual o presencial con Isaiah Cortes<\/a><\/div>\n<\/div>\n\n\n\n<p><\/p>\n","protected":false},"excerpt":{"rendered":"<p>El Neurocoaching facilita el proceso de desarrollo del \u201cCoachee\u201d (cliente) para que logre alcanzar su estado deseado (meta) a nivel individual y\/o profesional, superando aspectos que lo puedan estar limitando.&hellip; <br \/> <a class=\"read-more\" href=\"https:\/\/demo2.miopr.com\/hlares\/neurocoaching-y-mentoria\/\">Read more<\/a><\/p>\n","protected":false},"author":3,"featured_media":0,"parent":0,"menu_order":0,"comment_status":"closed","ping_status":"closed","template":"","meta":{"footnotes":""},"class_list":["post-449","page","type-page","status-publish","hentry"],"_links":{"self":[{"href":"https:\/\/demo2.miopr.com\/hlares\/wp-json\/wp\/v2\/pages\/449","targetHints":{"allow":["GET"]}}],"collection":[{"href":"https:\/\/demo2.miopr.com\/hlares\/wp-json\/wp\/v2\/pages"}],"about":[{"href":"https:\/\/demo2.miopr.com\/hlares\/wp-json\/wp\/v2\/types\/page"}],"author":[{"embeddable":true,"href":"https:\/\/demo2.miopr.com\/hlares\/wp-json\/wp\/v2\/users\/3"}],"replies":[{"embeddable":true,"href":"https:\/\/demo2.miopr.com\/hlares\/wp-json\/wp\/v2\/comments?post=449"}],"version-history":[{"count":11,"href":"https:\/\/demo2.miopr.com\/hlares\/wp-json\/wp\/v2\/pages\/449\/revisions"}],"predecessor-version":[{"id":1549,"href":"https:\/\/demo2.miopr.com\/hlares\/wp-json\/wp\/v2\/pages\/449\/revisions\/1549"}],"wp:attachment":[{"href":"https:\/\/demo2.miopr.com\/hlares\/wp-json\/wp\/v2\/media?parent=449"}],"curies":[{"name":"wp","href":"https:\/\/api.w.org\/{rel}","templated":true}]}}