{"id":454,"date":"2020-12-25T14:21:45","date_gmt":"2020-12-25T14:21:45","guid":{"rendered":"https:\/\/demo2.miopr.com\/hlares\/?page_id=454"},"modified":"2021-06-12T00:02:18","modified_gmt":"2021-06-12T00:02:18","slug":"terapia-de-bloque","status":"publish","type":"page","link":"https:\/\/demo2.miopr.com\/hlares\/terapia-de-bloque\/","title":{"rendered":"Terapia de Bloque"},"content":{"rendered":"\n<figure class=\"wp-block-image size-large\"><a href=\"https:\/\/demo2.miopr.com\/hlares\/wp-content\/uploads\/2020\/12\/terapia-de-bloque.jpg\"><img loading=\"lazy\" decoding=\"async\" width=\"1024\" height=\"569\" src=\"https:\/\/demo2.miopr.com\/hlares\/wp-content\/uploads\/2020\/12\/terapia-de-bloque-1024x569.jpg\" alt=\"\" class=\"wp-image-455\" srcset=\"https:\/\/demo2.miopr.com\/hlares\/wp-content\/uploads\/2020\/12\/terapia-de-bloque-1024x569.jpg 1024w, https:\/\/demo2.miopr.com\/hlares\/wp-content\/uploads\/2020\/12\/terapia-de-bloque-600x333.jpg 600w, https:\/\/demo2.miopr.com\/hlares\/wp-content\/uploads\/2020\/12\/terapia-de-bloque-300x167.jpg 300w, https:\/\/demo2.miopr.com\/hlares\/wp-content\/uploads\/2020\/12\/terapia-de-bloque-768x426.jpg 768w, https:\/\/demo2.miopr.com\/hlares\/wp-content\/uploads\/2020\/12\/terapia-de-bloque.jpg 1131w\" sizes=\"auto, (max-width: 1024px) 100vw, 1024px\" \/><\/a><\/figure>\n\n\n\n<p class=\"has-text-align-left\">Terapia que utiliza una herramienta terap\u00e9utica en madera de cedro o bamb\u00fa para liberar las restricciones del tejido profundo (fascia). El estudiante o paciente se apoya en el bloque y utilizando su respiraci\u00f3n diafragm\u00e1tica, localiza la restricci\u00f3n para liberarla. De esta manera puede corregir su postura, crear el espacio y oxigenar el \u00e1rea, promoviendo as\u00ed su salud y el bienestar necesario para aliviar y sanar su cuerpo de manera natural.<\/p>\n\n\n\n<p class=\"has-text-align-left\"><strong><em>\u2022 Sesi\u00f3n grupal $ 15 \/ 1 hr. \u2014- $ 50 \/ 4 sesiones<br>\u2022 Sesi\u00f3n individual $ 30 \/ 1 hr. \u2014- $100 \/ 4 sesiones<br>\u2022 Evaluaci\u00f3n y terapia $ 65 \/ 1.5 hr.<\/em><\/strong><\/p>\n\n\n\n<h2 class=\"wp-block-heading\">T\u00e9rminos y Condiciones:<\/h2>\n\n\n\n<p class=\"has-text-align-left\">\u2022Todas las sesiones se trabajan honrando acuerdos de confidencialidad y\/o relevos de responsabilidad seg\u00fan apliquen.<\/p>\n\n\n\n<p class=\"has-text-align-left\">\u2022Las citas se coordinar\u00e1n con anticipaci\u00f3n para reservar el espacio.<\/p>\n\n\n\n<p class=\"has-text-align-left\">\u2022 El pago de servicios se realiza previo a la terapia, para garantizar el espacio. Podr\u00e1 hacer en efectivo, ATH M\u00f3vil y PayPal.<\/p>\n\n\n\n<p class=\"has-text-align-left\">\u2022 Cancelaciones por fuerza mayor (enfermedad, o elementos de la naturaleza) podr\u00e1n ser reprogramados sin costo adicional.<\/p>\n\n\n\n<p class=\"has-text-align-left\">\u2022 Cancelaciones con menos de 24 horas de anticipaci\u00f3n y (por otros motivos- que no sean fuerza mayor), necesitar\u00e1n ser programados y pagados nuevamente.<\/p>\n","protected":false},"excerpt":{"rendered":"<p>Terapia que utiliza una herramienta terap\u00e9utica en madera de cedro o bamb\u00fa para liberar las restricciones del tejido profundo (fascia). El estudiante o paciente se apoya en el bloque y&hellip; <br \/> <a class=\"read-more\" href=\"https:\/\/demo2.miopr.com\/hlares\/terapia-de-bloque\/\">Read more<\/a><\/p>\n","protected":false},"author":3,"featured_media":0,"parent":0,"menu_order":0,"comment_status":"closed","ping_status":"closed","template":"","meta":{"footnotes":""},"class_list":["post-454","page","type-page","status-publish","hentry"],"_links":{"self":[{"href":"https:\/\/demo2.miopr.com\/hlares\/wp-json\/wp\/v2\/pages\/454","targetHints":{"allow":["GET"]}}],"collection":[{"href":"https:\/\/demo2.miopr.com\/hlares\/wp-json\/wp\/v2\/pages"}],"about":[{"href":"https:\/\/demo2.miopr.com\/hlares\/wp-json\/wp\/v2\/types\/page"}],"author":[{"embeddable":true,"href":"https:\/\/demo2.miopr.com\/hlares\/wp-json\/wp\/v2\/users\/3"}],"replies":[{"embeddable":true,"href":"https:\/\/demo2.miopr.com\/hlares\/wp-json\/wp\/v2\/comments?post=454"}],"version-history":[{"count":5,"href":"https:\/\/demo2.miopr.com\/hlares\/wp-json\/wp\/v2\/pages\/454\/revisions"}],"predecessor-version":[{"id":680,"href":"https:\/\/demo2.miopr.com\/hlares\/wp-json\/wp\/v2\/pages\/454\/revisions\/680"}],"wp:attachment":[{"href":"https:\/\/demo2.miopr.com\/hlares\/wp-json\/wp\/v2\/media?parent=454"}],"curies":[{"name":"wp","href":"https:\/\/api.w.org\/{rel}","templated":true}]}}