{"id":468,"date":"2020-12-25T14:38:19","date_gmt":"2020-12-25T14:38:19","guid":{"rendered":"https:\/\/demo2.miopr.com\/hlares\/?page_id=468"},"modified":"2025-02-26T16:38:48","modified_gmt":"2025-02-26T20:38:48","slug":"retiros-de-bienestar","status":"publish","type":"page","link":"https:\/\/demo2.miopr.com\/hlares\/retiros-de-bienestar\/","title":{"rendered":"Retiros de Bienestar"},"content":{"rendered":"\n<figure class=\"wp-block-image size-large\"><a href=\"https:\/\/demo2.miopr.com\/hlares\/wp-content\/uploads\/2020\/12\/retiros-de-bienestar.jpg\"><img loading=\"lazy\" decoding=\"async\" width=\"1024\" height=\"546\" src=\"https:\/\/demo2.miopr.com\/hlares\/wp-content\/uploads\/2020\/12\/retiros-de-bienestar-1024x546.jpg\" alt=\"\" class=\"wp-image-469\" srcset=\"https:\/\/demo2.miopr.com\/hlares\/wp-content\/uploads\/2020\/12\/retiros-de-bienestar-1024x546.jpg 1024w, https:\/\/demo2.miopr.com\/hlares\/wp-content\/uploads\/2020\/12\/retiros-de-bienestar-600x320.jpg 600w, https:\/\/demo2.miopr.com\/hlares\/wp-content\/uploads\/2020\/12\/retiros-de-bienestar-300x160.jpg 300w, https:\/\/demo2.miopr.com\/hlares\/wp-content\/uploads\/2020\/12\/retiros-de-bienestar-768x410.jpg 768w, https:\/\/demo2.miopr.com\/hlares\/wp-content\/uploads\/2020\/12\/retiros-de-bienestar.jpg 1129w\" sizes=\"auto, (max-width: 1024px) 100vw, 1024px\" \/><\/a><\/figure>\n\n\n\n<p>Desarrollamos tu retiro individual (1 a 8 personas m\u00e1ximo) de acuerdo con las metas que desees lograr.<br>Incluye:<\/p>\n\n\n<ul>\n<li>Retiros en la Hacienda Renacer<\/li>\n<li>Integraci\u00f3n de terapias seg\u00fan seleccionadas<\/li>\n<\/ul>\n<p style=\"padding-left: 40px;\">o Neurocoaching<br \/>o Terapia de Bloque<br \/>o Reflexi\u00f3n<\/p>\n<ul>\n<li>Meriendas<\/li>\n<\/ul>\n<p><strong>Inversi\u00f3n por persona:<\/strong><\/p>\n<p style=\"padding-left: 40px;\"><strong>1 Dia (6 horas)<\/strong>\u00a0$<strong> 255.00 incluye:<\/strong><\/p>\n<p style=\"padding-left: 80px;\">\u2022 3 horas de terapias seleccionadas<br \/>\u2022 Almuerzo &amp; merienda<br \/>\u2022 Espacio de reflexi\u00f3n y relajaci\u00f3n<\/p>\n<p style=\"padding-left: 40px;\"><strong>2 d\u00edas y 1 noche $ 605.00 incluye:<\/strong><\/p>\n<p style=\"padding-left: 80px;\">\u2022 Retiro en la casilla<br \/>\u2022 6 horas de terapias seleccionadas<br \/>\u2022 Un almuerzo y una merienda<br \/>\u2022 Espacio de reflexi\u00f3n y relajaci\u00f3n<\/p>\n<p style=\"padding-left: 40px;\"><strong> 3 d\u00edas y 2 noches $ 830.00 incluye:<\/strong><\/p>\n<p style=\"padding-left: 80px;\">\u2022 Retiro en la casilla \u2013 2 noches<br \/>\u2022 9 horas de terapias seleccionadas<br \/>\u2022 Un almuerzo y una merienda<br \/>\u2022 Espacio de reflexi\u00f3n y relajaci\u00f3n<\/p>\n<p>Ofrecemos retiros grupales de 3 d\u00edas para una cantidad m\u00e1xima de 9 personas.<\/p>\n<p style=\"padding-left: 40px;\"><strong> 3 d<\/strong><strong>\u00edas y 2 noches $ 910.00 <\/strong>(<em>por persona<\/em>)<strong>. Incluyen un programa comprensivo de:<\/strong><\/p>\n<p style=\"padding-left: 80px;\">\u2022 Retiro en la Hacienda o casilla \u2013 2 noches<br \/>\u2022 Diagn\u00f3sticos y lecturas<br \/>\u2022 Din\u00e1micas y charlas<br \/>\u2022 Terapias y reflexiones<br \/>\u2022 Todos los alimentos<\/p>\n<p><em>Las fechas de estos retiros se anuncian durante el a\u00f1o. <\/em><\/p>\n<p><em>Tambi\u00e9n pueden ser coordinados por solicitud de grupos que ya est\u00e9n formados.<\/em><\/p>\n<p><strong>Noches adicionales = $ 125<\/strong><\/p>\n<p><strong>Terapias adicionales:<\/strong><\/p>\n<p style=\"padding-left: 40px;\">\u2022 1 hora = $ 75<\/p>\n\n\n<h2 class=\"wp-block-heading\">T\u00e9rminos y Condiciones:<\/h2>\n\n\n\n<p class=\"has-text-align-left\">\u2022Todas las sesiones se trabajan honrando acuerdos de confidencialidad y\/o relevos de responsabilidad seg\u00fan apliquen.<\/p>\n\n\n\n<p class=\"has-text-align-left\">\u2022Las citas se coordinar\u00e1n con anticipaci\u00f3n para reservar el espacio.<\/p>\n\n\n\n<p class=\"has-text-align-left\">\u2022 El pago de servicios se realiza previo a la terapia, para garantizar el espacio. Podr\u00e1 hacer en efectivo, ATH M\u00f3vil y PayPal.<\/p>\n\n\n\n<p class=\"has-text-align-left\">\u2022 Cancelaciones por fuerza mayor (enfermedad, o elementos de la naturaleza) podr\u00e1n ser reprogramados sin costo adicional.<\/p>\n\n\n\n<p class=\"has-text-align-left\">\u2022 Cancelaciones con menos de 24 horas de anticipaci\u00f3n y (por otros motivos- que no sean fuerza mayor), necesitar\u00e1n ser programados y pagados nuevamente.<\/p>\n","protected":false},"excerpt":{"rendered":"<p>Desarrollamos tu retiro individual (1 a 8 personas m\u00e1ximo) de acuerdo con las metas que desees lograr.Incluye: Retiros en la Hacienda Renacer Integraci\u00f3n de terapias seg\u00fan seleccionadas o Neurocoachingo Terapia&hellip; <br \/> <a class=\"read-more\" href=\"https:\/\/demo2.miopr.com\/hlares\/retiros-de-bienestar\/\">Read more<\/a><\/p>\n","protected":false},"author":3,"featured_media":0,"parent":0,"menu_order":0,"comment_status":"closed","ping_status":"closed","template":"","meta":{"footnotes":""},"class_list":["post-468","page","type-page","status-publish","hentry"],"_links":{"self":[{"href":"https:\/\/demo2.miopr.com\/hlares\/wp-json\/wp\/v2\/pages\/468","targetHints":{"allow":["GET"]}}],"collection":[{"href":"https:\/\/demo2.miopr.com\/hlares\/wp-json\/wp\/v2\/pages"}],"about":[{"href":"https:\/\/demo2.miopr.com\/hlares\/wp-json\/wp\/v2\/types\/page"}],"author":[{"embeddable":true,"href":"https:\/\/demo2.miopr.com\/hlares\/wp-json\/wp\/v2\/users\/3"}],"replies":[{"embeddable":true,"href":"https:\/\/demo2.miopr.com\/hlares\/wp-json\/wp\/v2\/comments?post=468"}],"version-history":[{"count":26,"href":"https:\/\/demo2.miopr.com\/hlares\/wp-json\/wp\/v2\/pages\/468\/revisions"}],"predecessor-version":[{"id":1548,"href":"https:\/\/demo2.miopr.com\/hlares\/wp-json\/wp\/v2\/pages\/468\/revisions\/1548"}],"wp:attachment":[{"href":"https:\/\/demo2.miopr.com\/hlares\/wp-json\/wp\/v2\/media?parent=468"}],"curies":[{"name":"wp","href":"https:\/\/api.w.org\/{rel}","templated":true}]}}