{"id":471,"date":"2020-12-25T14:42:53","date_gmt":"2020-12-25T14:42:53","guid":{"rendered":"https:\/\/demo2.miopr.com\/hlares\/?page_id=471"},"modified":"2025-02-09T13:52:49","modified_gmt":"2025-02-09T17:52:49","slug":"estadias-en-la-casilla-de-la-hacienda","status":"publish","type":"page","link":"https:\/\/demo2.miopr.com\/hlares\/estadias-en-la-casilla-de-la-hacienda\/","title":{"rendered":"Retiros en La Casilla de La Hacienda"},"content":{"rendered":"\n<p class=\"has-text-align-center\"><a href=\"https:\/\/youtu.be\/o_A9w76SjTI\" target=\"_blank\" rel=\"noreferrer noopener\"><strong>Acceder video de la Casilla<\/strong><\/a><\/p>\n\n\n<p><a href=\"https:\/\/demo2.miopr.com\/hlares\/wp-content\/uploads\/2025\/02\/Casilla.jpg\"><img loading=\"lazy\" decoding=\"async\" class=\"wp-image-1518 aligncenter\" src=\"https:\/\/demo2.miopr.com\/hlares\/wp-content\/uploads\/2025\/02\/Casilla-300x170.jpg\" alt=\"\" width=\"838\" height=\"475\" srcset=\"https:\/\/demo2.miopr.com\/hlares\/wp-content\/uploads\/2025\/02\/Casilla-300x170.jpg 300w, https:\/\/demo2.miopr.com\/hlares\/wp-content\/uploads\/2025\/02\/Casilla-1024x582.jpg 1024w, https:\/\/demo2.miopr.com\/hlares\/wp-content\/uploads\/2025\/02\/Casilla-768x436.jpg 768w, https:\/\/demo2.miopr.com\/hlares\/wp-content\/uploads\/2025\/02\/Casilla-600x341.jpg 600w, https:\/\/demo2.miopr.com\/hlares\/wp-content\/uploads\/2025\/02\/Casilla.jpg 1459w\" sizes=\"auto, (max-width: 838px) 100vw, 838px\" \/><\/a><\/p>\n\n\n<p class=\"has-text-align-left\">Hermosa estructura del 1846 donde se pilaba y procesaba el caf\u00e9, la cual llamamos Casilla, restaurada para ofrecer retiros hasta un m\u00e1ximo de 4 adultos en un ambiente de relajaci\u00f3n y bienestar. Aprovecha este espacio para descansar, meditar y conectarte con la naturaleza.<\/p>\n\n\n\n<h2 class=\"wp-block-heading\">La Casilla incluye:<\/h2>\n\n\n\n<p class=\"has-text-align-left\">Recibidor y sala con \u201cDay Bed<br>Ba\u00f1os (1 y \u00bd ), patio, terraza y Balc\u00f3n<br>Cocina equipada con estufa, microondas, cafetera, nevera y utensilios<br>Dormitorio con 3 camas sencillas con mosquiteros<br>Lavadora, secadora, calentador el\u00e9ctrico, WiFi y estacionamiento privado<\/p>\n\n\n\n<p><\/p>\n\n\n\n<h2 class=\"wp-block-heading\">Alternativas:<\/h2>\n\n\n\n<p>Brindamos retiros de desde uno o m\u00e1s d\u00edas. Cont\u00e1ctanos para dise\u00f1ar tu experiencia transformadora. Ver nuestra secci\u00f3n de retiros.<\/p>\n\n\n\n<p><\/p>\n","protected":false},"excerpt":{"rendered":"<p>Acceder video de la Casilla Hermosa estructura del 1846 donde se pilaba y procesaba el caf\u00e9, la cual llamamos Casilla, restaurada para ofrecer retiros hasta un m\u00e1ximo de 4 adultos&hellip; <br \/> <a class=\"read-more\" href=\"https:\/\/demo2.miopr.com\/hlares\/estadias-en-la-casilla-de-la-hacienda\/\">Read more<\/a><\/p>\n","protected":false},"author":3,"featured_media":0,"parent":0,"menu_order":0,"comment_status":"closed","ping_status":"closed","template":"","meta":{"footnotes":""},"class_list":["post-471","page","type-page","status-publish","hentry"],"_links":{"self":[{"href":"https:\/\/demo2.miopr.com\/hlares\/wp-json\/wp\/v2\/pages\/471","targetHints":{"allow":["GET"]}}],"collection":[{"href":"https:\/\/demo2.miopr.com\/hlares\/wp-json\/wp\/v2\/pages"}],"about":[{"href":"https:\/\/demo2.miopr.com\/hlares\/wp-json\/wp\/v2\/types\/page"}],"author":[{"embeddable":true,"href":"https:\/\/demo2.miopr.com\/hlares\/wp-json\/wp\/v2\/users\/3"}],"replies":[{"embeddable":true,"href":"https:\/\/demo2.miopr.com\/hlares\/wp-json\/wp\/v2\/comments?post=471"}],"version-history":[{"count":13,"href":"https:\/\/demo2.miopr.com\/hlares\/wp-json\/wp\/v2\/pages\/471\/revisions"}],"predecessor-version":[{"id":1519,"href":"https:\/\/demo2.miopr.com\/hlares\/wp-json\/wp\/v2\/pages\/471\/revisions\/1519"}],"wp:attachment":[{"href":"https:\/\/demo2.miopr.com\/hlares\/wp-json\/wp\/v2\/media?parent=471"}],"curies":[{"name":"wp","href":"https:\/\/api.w.org\/{rel}","templated":true}]}}